{"id":56,"date":"2020-11-05T21:47:45","date_gmt":"2020-11-05T20:47:45","guid":{"rendered":"https:\/\/jfotografie.com\/?page_id=56"},"modified":"2024-09-01T11:12:04","modified_gmt":"2024-09-01T09:12:04","slug":"blog","status":"publish","type":"page","link":"https:\/\/jfotografie.com\/index.php\/blog\/","title":{"rendered":"Neugeborenen-Shooting"},"content":{"rendered":"\n<p><\/p>\n\n\n\n<p>Die Geburt eines Kindes ist zweifellos eine der sch\u00f6nsten und bedeutendsten Erfahrungen im Leben.<\/p>\n\n\n\n<p>Als eure Fotografin ist es mir wichtig, sicherzustellen, dass euer Neugeborenen-Shooting eine angenehme und unvergessliche Erfahrung f\u00fcr euch alle wird. Deshalb m\u00f6chte ich euch im Folgenden einige wichtige Informationen geben, um sicherzustellen, dass alles reibungslos abl\u00e4uft:<\/p>\n\n\n\n<p><strong>Termin und Ort:<\/strong> Das Neugeborenen-Shooting findet in der Regel in den ersten zwei Wochen nach der Geburt statt, wenn das Baby noch besonders schl\u00e4frig und leicht zu fotografieren ist. Bitte teilt mir euren bevorzugten Termin mit, damit wir einen passenden Zeitpunkt finden k\u00f6nnen. Das Shooting wird in meinem Wintergarten-Studio stattfinden &#8211; und kann auch ganz nach euren W\u00fcnschen und Bed\u00fcrfnissen im sp\u00e4teren Zeitraum stattfinden, auch \u00e4ltere Babys lassen sich wunderbar fotografieren.<\/p>\n\n\n\n<p><strong>Vorbereitung:<\/strong> Damit das Shooting reibungslos verl\u00e4uft, gibt es einige Dinge, auf die ihr euch vorbereiten k\u00f6nnt. Bitte behaltet euren normalen und gewohnten Tagesablauf bei, ob Stillen oder Flasche, beides wird w\u00e4hrend des Shootings vom Vorteil sein. Am Morgen vor dem Shooting darf der Papa behilflich sein und der Mama etwas Zeit im Bad g\u00f6nnen, um so den Ablauf vorab entspannt zu gestallten. Au\u00dferdem k\u00f6nnt ihr gerne einige pers\u00f6nliche schlichte Gegenst\u00e4nde wie ein kleines Kuscheltier oder Accessoires z.B. ein Schmuckst\u00fcck mitbringen, die dem Shooting eine pers\u00f6nliche Note verleihen.<\/p>\n\n\n\n<p><strong>Kleidung und Accessoires:<\/strong> F\u00fcr das Neugeborenen-Shooting empfehle ich euch, eurem Baby einfache und bequeme Kleidung anzuziehen, die leicht zu wechseln ist. Es stehen euch Outfits oder Accessoires aus meinem Kleiderschrank zu verf\u00fcgung. ihr sucht euch einfach ein Outfit aus, welches ihr gerne verwenden m\u00f6chtet. Ich stehe euch gerne mit Rat und Tat zur Seite, wenn es um die Auswahl der Kleidung und Accessoires geht.<\/p>\n\n\n\n<p><strong>Dauer des Shootings:<\/strong> Ein Neugeborenen-Shooting dauert in der Regel zwischen 2 und 3 Stunden, da wir gen\u00fcgend Zeit f\u00fcr Pausen und F\u00fctterungen einplanen, um sicherzustellen, dass das Baby w\u00e4hrend des gesamten Shootings gl\u00fccklich und zufrieden ist. Bitte plant entsprechend Zeit ein und seid geduldig &#8211; das Wohl eures Babys steht immer an erster Stelle. Es ist sehr wichtig das die Babys keinen Zeitdruck versp\u00fcren, aus diesem Grund bitte ich euch von weiteren Terminen, an diesem Tag abzusehen.<\/p>\n\n\n\n<p><strong>Sicherheit und Komfort:<\/strong> Die Sicherheit und der Komfort eures Babys haben oberste Priorit\u00e4t. Ich bin ausgebildet und erfahren im Umgang mit Neugeborenen und werde alles tun, um sicherzustellen, dass euer kleiner Schatz w\u00e4hrend des Shootings in guten H\u00e4nden ist. Solltet ihr besondere Bedenken oder W\u00fcnsche haben, z\u00f6gert bitte nicht, sie mir mitzuteilen.<\/p>\n\n\n\n<p>Ich hoffe, diese Informationen helfen euch bei der Vorbereitung auf euer Neugeborenen-Shooting. Wenn ihr weitere Fragen habt oder spezielle W\u00fcnsche \u00e4u\u00dfern m\u00f6chtet, stehe ich euch jederzeit gerne zur Verf\u00fcgung. <\/p>\n\n\n\n<p>Ich freue mich schon sehr darauf, euch und euren kleinen Liebling kennenzulernen und gemeinsam wundersch\u00f6ne Erinnerungen festzuhalten.<\/p>\n\n\n\n<figure class=\"wp-block-gallery has-nested-images columns-default is-cropped wp-block-gallery-1 is-layout-flex wp-block-gallery-is-layout-flex\">\n<figure class=\"wp-block-image size-large\"><img loading=\"lazy\" decoding=\"async\" width=\"704\" height=\"1024\" data-id=\"483\" src=\"https:\/\/jfotografie.com\/wp-content\/uploads\/2024\/02\/unbenannt-55-704x1024.jpg\" alt=\"\" class=\"wp-image-483\" srcset=\"https:\/\/jfotografie.com\/wp-content\/uploads\/2024\/02\/unbenannt-55-704x1024.jpg 704w, https:\/\/jfotografie.com\/wp-content\/uploads\/2024\/02\/unbenannt-55-206x300.jpg 206w, https:\/\/jfotografie.com\/wp-content\/uploads\/2024\/02\/unbenannt-55-768x1118.jpg 768w, https:\/\/jfotografie.com\/wp-content\/uploads\/2024\/02\/unbenannt-55-1056x1536.jpg 1056w, https:\/\/jfotografie.com\/wp-content\/uploads\/2024\/02\/unbenannt-55-1407x2048.jpg 1407w, https:\/\/jfotografie.com\/wp-content\/uploads\/2024\/02\/unbenannt-55-1320x1921.jpg 1320w, https:\/\/jfotografie.com\/wp-content\/uploads\/2024\/02\/unbenannt-55-350x509.jpg 350w, https:\/\/jfotografie.com\/wp-content\/uploads\/2024\/02\/unbenannt-55-scaled.jpg 1759w\" sizes=\"auto, (max-width: 704px) 100vw, 704px\" \/><\/figure>\n\n\n\n<figure class=\"wp-block-image size-large\"><img loading=\"lazy\" decoding=\"async\" width=\"680\" height=\"1024\" data-id=\"484\" src=\"https:\/\/jfotografie.com\/wp-content\/uploads\/2024\/02\/unbenannt-57-680x1024.jpg\" alt=\"\" class=\"wp-image-484\" srcset=\"https:\/\/jfotografie.com\/wp-content\/uploads\/2024\/02\/unbenannt-57-680x1024.jpg 680w, https:\/\/jfotografie.com\/wp-content\/uploads\/2024\/02\/unbenannt-57-199x300.jpg 199w, https:\/\/jfotografie.com\/wp-content\/uploads\/2024\/02\/unbenannt-57-768x1157.jpg 768w, https:\/\/jfotografie.com\/wp-content\/uploads\/2024\/02\/unbenannt-57-1019x1536.jpg 1019w, https:\/\/jfotografie.com\/wp-content\/uploads\/2024\/02\/unbenannt-57-1359x2048.jpg 1359w, https:\/\/jfotografie.com\/wp-content\/uploads\/2024\/02\/unbenannt-57-1320x1989.jpg 1320w, https:\/\/jfotografie.com\/wp-content\/uploads\/2024\/02\/unbenannt-57-350x527.jpg 350w, https:\/\/jfotografie.com\/wp-content\/uploads\/2024\/02\/unbenannt-57-scaled.jpg 1699w\" sizes=\"auto, (max-width: 680px) 100vw, 680px\" \/><\/figure>\n\n\n\n<figure class=\"wp-block-image size-large\"><img loading=\"lazy\" decoding=\"async\" width=\"677\" height=\"1024\" data-id=\"486\" src=\"https:\/\/jfotografie.com\/wp-content\/uploads\/2024\/02\/unbenannt-64-677x1024.jpg\" alt=\"\" class=\"wp-image-486\" srcset=\"https:\/\/jfotografie.com\/wp-content\/uploads\/2024\/02\/unbenannt-64-677x1024.jpg 677w, https:\/\/jfotografie.com\/wp-content\/uploads\/2024\/02\/unbenannt-64-198x300.jpg 198w, https:\/\/jfotografie.com\/wp-content\/uploads\/2024\/02\/unbenannt-64-768x1161.jpg 768w, https:\/\/jfotografie.com\/wp-content\/uploads\/2024\/02\/unbenannt-64-1016x1536.jpg 1016w, https:\/\/jfotografie.com\/wp-content\/uploads\/2024\/02\/unbenannt-64-1354x2048.jpg 1354w, https:\/\/jfotografie.com\/wp-content\/uploads\/2024\/02\/unbenannt-64-1320x1996.jpg 1320w, https:\/\/jfotografie.com\/wp-content\/uploads\/2024\/02\/unbenannt-64-350x529.jpg 350w, https:\/\/jfotografie.com\/wp-content\/uploads\/2024\/02\/unbenannt-64-scaled.jpg 1693w\" sizes=\"auto, (max-width: 677px) 100vw, 677px\" \/><\/figure>\n\n\n\n<figure class=\"wp-block-image size-large\"><img loading=\"lazy\" decoding=\"async\" width=\"644\" height=\"1024\" data-id=\"487\" src=\"https:\/\/jfotografie.com\/wp-content\/uploads\/2024\/02\/47-644x1024.jpg\" alt=\"\" class=\"wp-image-487\" srcset=\"https:\/\/jfotografie.com\/wp-content\/uploads\/2024\/02\/47-644x1024.jpg 644w, https:\/\/jfotografie.com\/wp-content\/uploads\/2024\/02\/47-189x300.jpg 189w, https:\/\/jfotografie.com\/wp-content\/uploads\/2024\/02\/47-768x1222.jpg 768w, https:\/\/jfotografie.com\/wp-content\/uploads\/2024\/02\/47-965x1536.jpg 965w, https:\/\/jfotografie.com\/wp-content\/uploads\/2024\/02\/47-1287x2048.jpg 1287w, https:\/\/jfotografie.com\/wp-content\/uploads\/2024\/02\/47-1320x2100.jpg 1320w, https:\/\/jfotografie.com\/wp-content\/uploads\/2024\/02\/47-350x557.jpg 350w, https:\/\/jfotografie.com\/wp-content\/uploads\/2024\/02\/47-scaled.jpg 1609w\" sizes=\"auto, (max-width: 644px) 100vw, 644px\" \/><\/figure>\n\n\n\n<figure class=\"wp-block-image size-large\"><img loading=\"lazy\" decoding=\"async\" width=\"683\" height=\"1024\" data-id=\"488\" src=\"https:\/\/jfotografie.com\/wp-content\/uploads\/2024\/02\/IMG_4543-683x1024.jpg\" alt=\"\" class=\"wp-image-488\" srcset=\"https:\/\/jfotografie.com\/wp-content\/uploads\/2024\/02\/IMG_4543-683x1024.jpg 683w, https:\/\/jfotografie.com\/wp-content\/uploads\/2024\/02\/IMG_4543-200x300.jpg 200w, https:\/\/jfotografie.com\/wp-content\/uploads\/2024\/02\/IMG_4543-768x1152.jpg 768w, https:\/\/jfotografie.com\/wp-content\/uploads\/2024\/02\/IMG_4543-1024x1536.jpg 1024w, https:\/\/jfotografie.com\/wp-content\/uploads\/2024\/02\/IMG_4543-1365x2048.jpg 1365w, https:\/\/jfotografie.com\/wp-content\/uploads\/2024\/02\/IMG_4543-1320x1980.jpg 1320w, https:\/\/jfotografie.com\/wp-content\/uploads\/2024\/02\/IMG_4543-350x525.jpg 350w, https:\/\/jfotografie.com\/wp-content\/uploads\/2024\/02\/IMG_4543-scaled.jpg 1707w\" sizes=\"auto, (max-width: 683px) 100vw, 683px\" \/><\/figure>\n\n\n\n<figure class=\"wp-block-image size-large\"><img loading=\"lazy\" decoding=\"async\" width=\"733\" height=\"1024\" data-id=\"489\" src=\"https:\/\/jfotografie.com\/wp-content\/uploads\/2024\/02\/52-733x1024.jpg\" alt=\"\" class=\"wp-image-489\" srcset=\"https:\/\/jfotografie.com\/wp-content\/uploads\/2024\/02\/52-733x1024.jpg 733w, https:\/\/jfotografie.com\/wp-content\/uploads\/2024\/02\/52-215x300.jpg 215w, https:\/\/jfotografie.com\/wp-content\/uploads\/2024\/02\/52-768x1073.jpg 768w, https:\/\/jfotografie.com\/wp-content\/uploads\/2024\/02\/52-1099x1536.jpg 1099w, https:\/\/jfotografie.com\/wp-content\/uploads\/2024\/02\/52-1466x2048.jpg 1466w, https:\/\/jfotografie.com\/wp-content\/uploads\/2024\/02\/52-1320x1844.jpg 1320w, https:\/\/jfotografie.com\/wp-content\/uploads\/2024\/02\/52-350x489.jpg 350w, https:\/\/jfotografie.com\/wp-content\/uploads\/2024\/02\/52-scaled.jpg 1832w\" sizes=\"auto, (max-width: 733px) 100vw, 733px\" \/><\/figure>\n\n\n\n<figure class=\"wp-block-image size-large\"><img loading=\"lazy\" decoding=\"async\" width=\"673\" height=\"1024\" data-id=\"490\" src=\"https:\/\/jfotografie.com\/wp-content\/uploads\/2024\/02\/Lotta-189-673x1024.jpg\" alt=\"\" class=\"wp-image-490\" srcset=\"https:\/\/jfotografie.com\/wp-content\/uploads\/2024\/02\/Lotta-189-673x1024.jpg 673w, https:\/\/jfotografie.com\/wp-content\/uploads\/2024\/02\/Lotta-189-197x300.jpg 197w, https:\/\/jfotografie.com\/wp-content\/uploads\/2024\/02\/Lotta-189-768x1169.jpg 768w, https:\/\/jfotografie.com\/wp-content\/uploads\/2024\/02\/Lotta-189-1009x1536.jpg 1009w, https:\/\/jfotografie.com\/wp-content\/uploads\/2024\/02\/Lotta-189-1345x2048.jpg 1345w, https:\/\/jfotografie.com\/wp-content\/uploads\/2024\/02\/Lotta-189-1320x2009.jpg 1320w, https:\/\/jfotografie.com\/wp-content\/uploads\/2024\/02\/Lotta-189-350x533.jpg 350w, https:\/\/jfotografie.com\/wp-content\/uploads\/2024\/02\/Lotta-189-scaled.jpg 1682w\" sizes=\"auto, (max-width: 673px) 100vw, 673px\" \/><\/figure>\n\n\n\n<figure class=\"wp-block-image size-large\"><img loading=\"lazy\" decoding=\"async\" width=\"675\" height=\"1024\" data-id=\"491\" src=\"https:\/\/jfotografie.com\/wp-content\/uploads\/2024\/02\/Lotta-183-675x1024.jpg\" alt=\"\" class=\"wp-image-491\" srcset=\"https:\/\/jfotografie.com\/wp-content\/uploads\/2024\/02\/Lotta-183-675x1024.jpg 675w, https:\/\/jfotografie.com\/wp-content\/uploads\/2024\/02\/Lotta-183-198x300.jpg 198w, https:\/\/jfotografie.com\/wp-content\/uploads\/2024\/02\/Lotta-183-768x1166.jpg 768w, https:\/\/jfotografie.com\/wp-content\/uploads\/2024\/02\/Lotta-183-1012x1536.jpg 1012w, https:\/\/jfotografie.com\/wp-content\/uploads\/2024\/02\/Lotta-183-1349x2048.jpg 1349w, https:\/\/jfotografie.com\/wp-content\/uploads\/2024\/02\/Lotta-183-1320x2003.jpg 1320w, https:\/\/jfotografie.com\/wp-content\/uploads\/2024\/02\/Lotta-183-350x531.jpg 350w, https:\/\/jfotografie.com\/wp-content\/uploads\/2024\/02\/Lotta-183-scaled.jpg 1687w\" sizes=\"auto, (max-width: 675px) 100vw, 675px\" \/><\/figure>\n\n\n\n<figure class=\"wp-block-image size-large\"><img loading=\"lazy\" decoding=\"async\" width=\"674\" height=\"1024\" data-id=\"492\" src=\"https:\/\/jfotografie.com\/wp-content\/uploads\/2024\/02\/Lotta-177-674x1024.jpg\" alt=\"\" class=\"wp-image-492\" srcset=\"https:\/\/jfotografie.com\/wp-content\/uploads\/2024\/02\/Lotta-177-674x1024.jpg 674w, https:\/\/jfotografie.com\/wp-content\/uploads\/2024\/02\/Lotta-177-198x300.jpg 198w, https:\/\/jfotografie.com\/wp-content\/uploads\/2024\/02\/Lotta-177-768x1166.jpg 768w, https:\/\/jfotografie.com\/wp-content\/uploads\/2024\/02\/Lotta-177-1012x1536.jpg 1012w, https:\/\/jfotografie.com\/wp-content\/uploads\/2024\/02\/Lotta-177-1349x2048.jpg 1349w, https:\/\/jfotografie.com\/wp-content\/uploads\/2024\/02\/Lotta-177-1320x2004.jpg 1320w, https:\/\/jfotografie.com\/wp-content\/uploads\/2024\/02\/Lotta-177-350x531.jpg 350w, https:\/\/jfotografie.com\/wp-content\/uploads\/2024\/02\/Lotta-177-scaled.jpg 1686w\" sizes=\"auto, (max-width: 674px) 100vw, 674px\" \/><\/figure>\n<\/figure>\n","protected":false},"excerpt":{"rendered":"<p>Die Geburt eines Kindes ist zweifellos eine der sch\u00f6nsten und bedeutendsten Erfahrungen im Leben. Als eure Fotografin ist es mir wichtig, sicherzustellen, dass euer Neugeborenen-Shooting eine angenehme und unvergessliche Erfahrung f\u00fcr euch alle wird. Deshalb m\u00f6chte ich euch im Folgenden einige wichtige Informationen geben, um sicherzustellen, dass alles reibungslos abl\u00e4uft: Termin und Ort: Das Neugeborenen-Shooting &hellip; <\/p>\n<p class=\"link-more\"><a href=\"https:\/\/jfotografie.com\/index.php\/blog\/\" class=\"more-link\"><span class=\"screen-reader-text\">\u201eNeugeborenen-Shooting\u201c <\/span>weiterlesen<\/a><\/p>\n","protected":false},"author":1,"featured_media":550,"parent":0,"menu_order":0,"comment_status":"closed","ping_status":"closed","template":"","meta":{"footnotes":""},"class_list":["post-56","page","type-page","status-publish","has-post-thumbnail","hentry"],"_links":{"self":[{"href":"https:\/\/jfotografie.com\/index.php\/wp-json\/wp\/v2\/pages\/56","targetHints":{"allow":["GET"]}}],"collection":[{"href":"https:\/\/jfotografie.com\/index.php\/wp-json\/wp\/v2\/pages"}],"about":[{"href":"https:\/\/jfotografie.com\/index.php\/wp-json\/wp\/v2\/types\/page"}],"author":[{"embeddable":true,"href":"https:\/\/jfotografie.com\/index.php\/wp-json\/wp\/v2\/users\/1"}],"replies":[{"embeddable":true,"href":"https:\/\/jfotografie.com\/index.php\/wp-json\/wp\/v2\/comments?post=56"}],"version-history":[{"count":18,"href":"https:\/\/jfotografie.com\/index.php\/wp-json\/wp\/v2\/pages\/56\/revisions"}],"predecessor-version":[{"id":493,"href":"https:\/\/jfotografie.com\/index.php\/wp-json\/wp\/v2\/pages\/56\/revisions\/493"}],"wp:featuredmedia":[{"embeddable":true,"href":"https:\/\/jfotografie.com\/index.php\/wp-json\/wp\/v2\/media\/550"}],"wp:attachment":[{"href":"https:\/\/jfotografie.com\/index.php\/wp-json\/wp\/v2\/media?parent=56"}],"curies":[{"name":"wp","href":"https:\/\/api.w.org\/{rel}","templated":true}]}}