{"id":230,"date":"2022-08-17T18:40:53","date_gmt":"2022-08-17T16:40:53","guid":{"rendered":"https:\/\/jfotografie.com\/?page_id=230"},"modified":"2024-08-13T20:55:23","modified_gmt":"2024-08-13T18:55:23","slug":"cakesmash-shooting","status":"publish","type":"page","link":"https:\/\/jfotografie.com\/index.php\/cakesmash-shooting\/","title":{"rendered":"Business Shooting"},"content":{"rendered":"\n<p>Nat\u00fcrlich stehe ich euch auch f\u00fcr verschieden Business Shootings zur verf\u00fcgung und habe bereits auch mehrere Business Events begleitet. <\/p>\n\n\n\n<p><\/p>\n\n\n\n<figure class=\"wp-block-gallery has-nested-images columns-default is-cropped wp-block-gallery-1 is-layout-flex wp-block-gallery-is-layout-flex\">\n<figure class=\"wp-block-image size-large\"><img loading=\"lazy\" decoding=\"async\" width=\"683\" height=\"1024\" data-id=\"528\" src=\"https:\/\/jfotografie.com\/wp-content\/uploads\/2024\/08\/Sarah-73-von-281-683x1024.jpg\" alt=\"\" class=\"wp-image-528\" srcset=\"https:\/\/jfotografie.com\/wp-content\/uploads\/2024\/08\/Sarah-73-von-281-683x1024.jpg 683w, https:\/\/jfotografie.com\/wp-content\/uploads\/2024\/08\/Sarah-73-von-281-200x300.jpg 200w, https:\/\/jfotografie.com\/wp-content\/uploads\/2024\/08\/Sarah-73-von-281-768x1152.jpg 768w, https:\/\/jfotografie.com\/wp-content\/uploads\/2024\/08\/Sarah-73-von-281-1024x1536.jpg 1024w, https:\/\/jfotografie.com\/wp-content\/uploads\/2024\/08\/Sarah-73-von-281-1365x2048.jpg 1365w, https:\/\/jfotografie.com\/wp-content\/uploads\/2024\/08\/Sarah-73-von-281-1320x1980.jpg 1320w, https:\/\/jfotografie.com\/wp-content\/uploads\/2024\/08\/Sarah-73-von-281-350x525.jpg 350w, https:\/\/jfotografie.com\/wp-content\/uploads\/2024\/08\/Sarah-73-von-281-scaled.jpg 1707w\" sizes=\"auto, (max-width: 683px) 100vw, 683px\" \/><\/figure>\n\n\n\n<figure class=\"wp-block-image size-large\"><img loading=\"lazy\" decoding=\"async\" width=\"683\" height=\"1024\" data-id=\"529\" src=\"https:\/\/jfotografie.com\/wp-content\/uploads\/2024\/08\/Sarah-17-von-281-683x1024.jpg\" alt=\"\" class=\"wp-image-529\" srcset=\"https:\/\/jfotografie.com\/wp-content\/uploads\/2024\/08\/Sarah-17-von-281-683x1024.jpg 683w, https:\/\/jfotografie.com\/wp-content\/uploads\/2024\/08\/Sarah-17-von-281-200x300.jpg 200w, https:\/\/jfotografie.com\/wp-content\/uploads\/2024\/08\/Sarah-17-von-281-768x1152.jpg 768w, https:\/\/jfotografie.com\/wp-content\/uploads\/2024\/08\/Sarah-17-von-281-1024x1536.jpg 1024w, https:\/\/jfotografie.com\/wp-content\/uploads\/2024\/08\/Sarah-17-von-281-1365x2048.jpg 1365w, https:\/\/jfotografie.com\/wp-content\/uploads\/2024\/08\/Sarah-17-von-281-1320x1980.jpg 1320w, https:\/\/jfotografie.com\/wp-content\/uploads\/2024\/08\/Sarah-17-von-281-350x525.jpg 350w, https:\/\/jfotografie.com\/wp-content\/uploads\/2024\/08\/Sarah-17-von-281-scaled.jpg 1707w\" sizes=\"auto, (max-width: 683px) 100vw, 683px\" \/><\/figure>\n\n\n\n<figure class=\"wp-block-image size-large\"><img loading=\"lazy\" decoding=\"async\" width=\"683\" height=\"1024\" data-id=\"530\" src=\"https:\/\/jfotografie.com\/wp-content\/uploads\/2024\/08\/Sarah-235-von-281-683x1024.jpg\" alt=\"\" class=\"wp-image-530\" srcset=\"https:\/\/jfotografie.com\/wp-content\/uploads\/2024\/08\/Sarah-235-von-281-683x1024.jpg 683w, https:\/\/jfotografie.com\/wp-content\/uploads\/2024\/08\/Sarah-235-von-281-200x300.jpg 200w, https:\/\/jfotografie.com\/wp-content\/uploads\/2024\/08\/Sarah-235-von-281-768x1152.jpg 768w, https:\/\/jfotografie.com\/wp-content\/uploads\/2024\/08\/Sarah-235-von-281-1024x1536.jpg 1024w, https:\/\/jfotografie.com\/wp-content\/uploads\/2024\/08\/Sarah-235-von-281-1365x2048.jpg 1365w, https:\/\/jfotografie.com\/wp-content\/uploads\/2024\/08\/Sarah-235-von-281-1320x1980.jpg 1320w, https:\/\/jfotografie.com\/wp-content\/uploads\/2024\/08\/Sarah-235-von-281-350x525.jpg 350w, https:\/\/jfotografie.com\/wp-content\/uploads\/2024\/08\/Sarah-235-von-281-scaled.jpg 1707w\" sizes=\"auto, (max-width: 683px) 100vw, 683px\" \/><\/figure>\n\n\n\n<figure class=\"wp-block-image size-large\"><img loading=\"lazy\" decoding=\"async\" width=\"1024\" height=\"683\" data-id=\"531\" src=\"https:\/\/jfotografie.com\/wp-content\/uploads\/2024\/08\/11-1114-1-1024x683.jpg\" alt=\"\" class=\"wp-image-531\" srcset=\"https:\/\/jfotografie.com\/wp-content\/uploads\/2024\/08\/11-1114-1-1024x683.jpg 1024w, https:\/\/jfotografie.com\/wp-content\/uploads\/2024\/08\/11-1114-1-300x200.jpg 300w, https:\/\/jfotografie.com\/wp-content\/uploads\/2024\/08\/11-1114-1-768x512.jpg 768w, https:\/\/jfotografie.com\/wp-content\/uploads\/2024\/08\/11-1114-1-1536x1024.jpg 1536w, https:\/\/jfotografie.com\/wp-content\/uploads\/2024\/08\/11-1114-1-2048x1365.jpg 2048w, https:\/\/jfotografie.com\/wp-content\/uploads\/2024\/08\/11-1114-1-1320x880.jpg 1320w, https:\/\/jfotografie.com\/wp-content\/uploads\/2024\/08\/11-1114-1-350x233.jpg 350w\" sizes=\"auto, (max-width: 767px) 89vw, (max-width: 1000px) 54vw, (max-width: 1071px) 543px, 580px\" \/><\/figure>\n\n\n\n<figure class=\"wp-block-image size-large\"><img loading=\"lazy\" decoding=\"async\" width=\"683\" height=\"1024\" data-id=\"532\" src=\"https:\/\/jfotografie.com\/wp-content\/uploads\/2024\/08\/11-1115-683x1024.jpg\" alt=\"\" class=\"wp-image-532\" srcset=\"https:\/\/jfotografie.com\/wp-content\/uploads\/2024\/08\/11-1115-683x1024.jpg 683w, https:\/\/jfotografie.com\/wp-content\/uploads\/2024\/08\/11-1115-200x300.jpg 200w, https:\/\/jfotografie.com\/wp-content\/uploads\/2024\/08\/11-1115-768x1152.jpg 768w, https:\/\/jfotografie.com\/wp-content\/uploads\/2024\/08\/11-1115-1024x1536.jpg 1024w, https:\/\/jfotografie.com\/wp-content\/uploads\/2024\/08\/11-1115-1365x2048.jpg 1365w, https:\/\/jfotografie.com\/wp-content\/uploads\/2024\/08\/11-1115-1320x1980.jpg 1320w, https:\/\/jfotografie.com\/wp-content\/uploads\/2024\/08\/11-1115-350x525.jpg 350w, https:\/\/jfotografie.com\/wp-content\/uploads\/2024\/08\/11-1115-scaled.jpg 1707w\" sizes=\"auto, (max-width: 683px) 100vw, 683px\" \/><\/figure>\n\n\n\n<figure class=\"wp-block-image size-large\"><img loading=\"lazy\" decoding=\"async\" width=\"683\" height=\"1024\" data-id=\"533\" src=\"https:\/\/jfotografie.com\/wp-content\/uploads\/2024\/08\/11-1119-683x1024.jpg\" alt=\"\" class=\"wp-image-533\" srcset=\"https:\/\/jfotografie.com\/wp-content\/uploads\/2024\/08\/11-1119-683x1024.jpg 683w, https:\/\/jfotografie.com\/wp-content\/uploads\/2024\/08\/11-1119-200x300.jpg 200w, https:\/\/jfotografie.com\/wp-content\/uploads\/2024\/08\/11-1119-768x1152.jpg 768w, https:\/\/jfotografie.com\/wp-content\/uploads\/2024\/08\/11-1119-1024x1536.jpg 1024w, https:\/\/jfotografie.com\/wp-content\/uploads\/2024\/08\/11-1119-1365x2048.jpg 1365w, https:\/\/jfotografie.com\/wp-content\/uploads\/2024\/08\/11-1119-1320x1980.jpg 1320w, https:\/\/jfotografie.com\/wp-content\/uploads\/2024\/08\/11-1119-350x525.jpg 350w, https:\/\/jfotografie.com\/wp-content\/uploads\/2024\/08\/11-1119-scaled.jpg 1707w\" sizes=\"auto, (max-width: 683px) 100vw, 683px\" \/><\/figure>\n\n\n\n<figure class=\"wp-block-image size-large\"><img loading=\"lazy\" decoding=\"async\" width=\"1024\" height=\"683\" data-id=\"534\" src=\"https:\/\/jfotografie.com\/wp-content\/uploads\/2024\/08\/11-1117-1-1024x683.jpg\" alt=\"\" class=\"wp-image-534\" srcset=\"https:\/\/jfotografie.com\/wp-content\/uploads\/2024\/08\/11-1117-1-1024x683.jpg 1024w, https:\/\/jfotografie.com\/wp-content\/uploads\/2024\/08\/11-1117-1-300x200.jpg 300w, https:\/\/jfotografie.com\/wp-content\/uploads\/2024\/08\/11-1117-1-768x512.jpg 768w, https:\/\/jfotografie.com\/wp-content\/uploads\/2024\/08\/11-1117-1-1536x1024.jpg 1536w, https:\/\/jfotografie.com\/wp-content\/uploads\/2024\/08\/11-1117-1-2048x1365.jpg 2048w, https:\/\/jfotografie.com\/wp-content\/uploads\/2024\/08\/11-1117-1-1320x880.jpg 1320w, https:\/\/jfotografie.com\/wp-content\/uploads\/2024\/08\/11-1117-1-350x233.jpg 350w\" sizes=\"auto, (max-width: 767px) 89vw, (max-width: 1000px) 54vw, (max-width: 1071px) 543px, 580px\" \/><\/figure>\n<\/figure>\n\n\n\n<figure class=\"wp-block-image size-large\"><img loading=\"lazy\" decoding=\"async\" width=\"1024\" height=\"683\" src=\"https:\/\/jfotografie.com\/wp-content\/uploads\/2024\/08\/Sarah-176-von-281-1024x683.jpg\" alt=\"\" class=\"wp-image-541\" srcset=\"https:\/\/jfotografie.com\/wp-content\/uploads\/2024\/08\/Sarah-176-von-281-1024x683.jpg 1024w, https:\/\/jfotografie.com\/wp-content\/uploads\/2024\/08\/Sarah-176-von-281-300x200.jpg 300w, https:\/\/jfotografie.com\/wp-content\/uploads\/2024\/08\/Sarah-176-von-281-768x512.jpg 768w, https:\/\/jfotografie.com\/wp-content\/uploads\/2024\/08\/Sarah-176-von-281-1536x1024.jpg 1536w, https:\/\/jfotografie.com\/wp-content\/uploads\/2024\/08\/Sarah-176-von-281-2048x1365.jpg 2048w, https:\/\/jfotografie.com\/wp-content\/uploads\/2024\/08\/Sarah-176-von-281-1320x880.jpg 1320w, https:\/\/jfotografie.com\/wp-content\/uploads\/2024\/08\/Sarah-176-von-281-350x233.jpg 350w\" sizes=\"auto, (max-width: 767px) 89vw, (max-width: 1000px) 54vw, (max-width: 1071px) 543px, 580px\" \/><\/figure>\n","protected":false},"excerpt":{"rendered":"<p>Nat\u00fcrlich stehe ich euch auch f\u00fcr verschieden Business Shootings zur verf\u00fcgung und habe bereits auch mehrere Business Events begleitet.<\/p>\n","protected":false},"author":1,"featured_media":527,"parent":0,"menu_order":0,"comment_status":"closed","ping_status":"closed","template":"","meta":{"footnotes":""},"class_list":["post-230","page","type-page","status-publish","has-post-thumbnail","hentry"],"_links":{"self":[{"href":"https:\/\/jfotografie.com\/index.php\/wp-json\/wp\/v2\/pages\/230","targetHints":{"allow":["GET"]}}],"collection":[{"href":"https:\/\/jfotografie.com\/index.php\/wp-json\/wp\/v2\/pages"}],"about":[{"href":"https:\/\/jfotografie.com\/index.php\/wp-json\/wp\/v2\/types\/page"}],"author":[{"embeddable":true,"href":"https:\/\/jfotografie.com\/index.php\/wp-json\/wp\/v2\/users\/1"}],"replies":[{"embeddable":true,"href":"https:\/\/jfotografie.com\/index.php\/wp-json\/wp\/v2\/comments?post=230"}],"version-history":[{"count":6,"href":"https:\/\/jfotografie.com\/index.php\/wp-json\/wp\/v2\/pages\/230\/revisions"}],"predecessor-version":[{"id":542,"href":"https:\/\/jfotografie.com\/index.php\/wp-json\/wp\/v2\/pages\/230\/revisions\/542"}],"wp:featuredmedia":[{"embeddable":true,"href":"https:\/\/jfotografie.com\/index.php\/wp-json\/wp\/v2\/media\/527"}],"wp:attachment":[{"href":"https:\/\/jfotografie.com\/index.php\/wp-json\/wp\/v2\/media?parent=230"}],"curies":[{"name":"wp","href":"https:\/\/api.w.org\/{rel}","templated":true}]}}